{"id":83,"date":"2020-05-06T14:53:32","date_gmt":"2020-05-06T14:53:32","guid":{"rendered":"http:\/\/eiffel-corporation.com\/?page_id=83"},"modified":"2024-09-10T14:32:33","modified_gmt":"2024-09-10T14:32:33","slug":"team","status":"publish","type":"page","link":"https:\/\/eiffel-corporation.com\/ru\/team\/","title":{"rendered":"Team"},"content":{"rendered":"<div data-elementor-type=\"wp-page\" data-elementor-id=\"83\" class=\"elementor elementor-83\" data-elementor-post-type=\"page\">\n\t\t\t\t\t\t<section class=\"elementor-section elementor-top-section elementor-element elementor-element-4c09c46 elementor-section-stretched elementor-section-boxed elementor-section-height-default elementor-section-height-default\" data-id=\"4c09c46\" data-element_type=\"section\" data-settings=\"{&quot;stretch_section&quot;:&quot;section-stretched&quot;}\">\n\t\t\t\t\t\t<div class=\"elementor-container elementor-column-gap-default\">\n\t\t\t\t\t<div class=\"elementor-column elementor-col-100 elementor-top-column elementor-element elementor-element-6a4d63a\" data-id=\"6a4d63a\" data-element_type=\"column\">\n\t\t\t<div class=\"elementor-widget-wrap elementor-element-populated\">\n\t\t\t\t\t\t<div class=\"elementor-element elementor-element-646c58f elementor-widget elementor-widget-text-editor\" data-id=\"646c58f\" data-element_type=\"widget\" data-widget_type=\"text-editor.default\">\n\t\t\t\t<div class=\"elementor-widget-container\">\n\t\t\t\t\t\t\t\t\t<p>Ei\ufb00el International Corporation is lead by passionate and innovative professionals with a considerable experience in engineering and urban planning. Besides the background in architecture and design, Ei\ufb00el team has vast experience in \ufb01nance and investment management industry. Together they are intended to build a future with distinguished cultural heritage that the Ei\ufb00el name embodies.<\/p>\t\t\t\t\t\t\t\t<\/div>\n\t\t\t\t<\/div>\n\t\t\t\t\t<\/div>\n\t\t<\/div>\n\t\t\t\t\t<\/div>\n\t\t<\/section>\n\t\t\t\t<section class=\"elementor-section elementor-top-section elementor-element elementor-element-65d2e74c elementor-section-content-middle elementor-section-stretched elementor-section-boxed elementor-section-height-default elementor-section-height-default\" data-id=\"65d2e74c\" data-element_type=\"section\" data-settings=\"{&quot;stretch_section&quot;:&quot;section-stretched&quot;,&quot;background_background&quot;:&quot;classic&quot;}\">\n\t\t\t\t\t\t<div class=\"elementor-container elementor-column-gap-narrow\">\n\t\t\t\t\t<div class=\"elementor-column elementor-col-100 elementor-top-column elementor-element elementor-element-2d50462\" data-id=\"2d50462\" data-element_type=\"column\">\n\t\t\t<div class=\"elementor-widget-wrap elementor-element-populated\">\n\t\t\t\t\t\t<div class=\"elementor-element elementor-element-c67c9b0 elementor-posts--align-center elementor-grid-3 elementor-grid-tablet-2 elementor-grid-mobile-1 elementor-posts--thumbnail-top elementor-widget elementor-widget-posts\" data-id=\"c67c9b0\" data-element_type=\"widget\" data-settings=\"{&quot;classic_columns&quot;:&quot;3&quot;,&quot;classic_columns_tablet&quot;:&quot;2&quot;,&quot;classic_columns_mobile&quot;:&quot;1&quot;,&quot;classic_row_gap&quot;:{&quot;unit&quot;:&quot;px&quot;,&quot;size&quot;:35,&quot;sizes&quot;:[]},&quot;classic_row_gap_tablet&quot;:{&quot;unit&quot;:&quot;px&quot;,&quot;size&quot;:&quot;&quot;,&quot;sizes&quot;:[]},&quot;classic_row_gap_mobile&quot;:{&quot;unit&quot;:&quot;px&quot;,&quot;size&quot;:&quot;&quot;,&quot;sizes&quot;:[]}}\" data-widget_type=\"posts.classic\">\n\t\t\t\t<div class=\"elementor-widget-container\">\n\t\t\t\t\t\t\t<div class=\"elementor-posts-container elementor-posts elementor-posts--skin-classic elementor-grid\">\n\t\t\t\t<article class=\"elementor-post elementor-grid-item post-2835 post type-post status-publish format-standard has-post-thumbnail hentry category-board-of-directors category-management category-team\">\n\t\t\t\t<a class=\"elementor-post__thumbnail__link\" href=\"https:\/\/eiffel-corporation.com\/ru\/team\/board-of-directors\/philippe-couperie-eiffel\/\" tabindex=\"-1\" >\n\t\t\t<div class=\"elementor-post__thumbnail\"><img fetchpriority=\"high\" decoding=\"async\" width=\"290\" height=\"290\" src=\"https:\/\/eiffel-corporation.com\/wp-content\/uploads\/Philippe-Couperie-Eiffel-President.jpg\" class=\"attachment-large size-large wp-image-3213\" alt=\"Philippe Couperie Eiffel\" srcset=\"https:\/\/eiffel-corporation.com\/wp-content\/uploads\/Philippe-Couperie-Eiffel-President.jpg 290w, https:\/\/eiffel-corporation.com\/wp-content\/uploads\/Philippe-Couperie-Eiffel-President-150x150.jpg 150w, https:\/\/eiffel-corporation.com\/wp-content\/uploads\/Philippe-Couperie-Eiffel-President-12x12.jpg 12w\" sizes=\"(max-width: 290px) 100vw, 290px\" \/><\/div>\n\t\t<\/a>\n\t\t\t\t<div class=\"elementor-post__text\">\n\t\t\t\t<h3 class=\"elementor-post__title\">\n\t\t\t<a href=\"https:\/\/eiffel-corporation.com\/ru\/team\/board-of-directors\/philippe-couperie-eiffel\/\" >\n\t\t\t\tPhilippe Couperie-Eiffel\t\t\t<\/a>\n\t\t<\/h3>\n\t\t\t\t<div class=\"elementor-post__excerpt\">\n\t\t\t<h3>President<\/h3>\n<p>Philippe Coup\u00e9rie-Eiffel is the great-great-grandson of Gustave Eiffel. For many years, he has promoted the history of one of the world\u2019s greatest engineers with exceptional achievements such as the Eiffel Tower but also the Statue of Liberty and the Panama Canal.<\/p>\n<p>&nbsp;<br \/>\n<a class=\"elementor-icon elementor-social-icon elementor-social-icon-linkedin elementor-repeater-item-c605892\" href=\"#\" target=\"_blank\" rel=\"noopener noreferrer\"><i class=\"fab fa-linkedin\"><\/i><\/a><\/p>\n\t\t<\/div>\n\t\t\t\t\t<div class=\"elementor-post__read-more-wrapper\">\n\t\t\n\t\t<a class=\"elementor-post__read-more\" href=\"https:\/\/eiffel-corporation.com\/ru\/team\/board-of-directors\/philippe-couperie-eiffel\/\" aria-label=\"Read more about Philippe Couperie-Eiffel\" tabindex=\"-1\" >\n\t\t\tKnow More \u00bb\t\t<\/a>\n\n\t\t\t\t\t<\/div>\n\t\t\t\t<\/div>\n\t\t\t\t<\/article>\n\t\t\t\t<article class=\"elementor-post elementor-grid-item post-2824 post type-post status-publish format-standard has-post-thumbnail hentry category-board-of-directors category-management category-team\">\n\t\t\t\t<a class=\"elementor-post__thumbnail__link\" href=\"https:\/\/eiffel-corporation.com\/ru\/team\/board-of-directors\/daniel-truchi\/\" tabindex=\"-1\" >\n\t\t\t<div class=\"elementor-post__thumbnail\"><img decoding=\"async\" width=\"290\" height=\"290\" data-src=\"https:\/\/eiffel-corporation.com\/wp-content\/uploads\/Daniel-Truchi-CFO.jpg\" class=\"attachment-large size-large wp-image-3205 lazyload\" alt=\"\" data-srcset=\"https:\/\/eiffel-corporation.com\/wp-content\/uploads\/Daniel-Truchi-CFO.jpg 290w, https:\/\/eiffel-corporation.com\/wp-content\/uploads\/Daniel-Truchi-CFO-150x150.jpg 150w, https:\/\/eiffel-corporation.com\/wp-content\/uploads\/Daniel-Truchi-CFO-12x12.jpg 12w\" data-sizes=\"(max-width: 290px) 100vw, 290px\" src=\"data:image\/gif;base64,R0lGODlhAQABAAAAACH5BAEKAAEALAAAAAABAAEAAAICTAEAOw==\" style=\"--smush-placeholder-width: 290px; --smush-placeholder-aspect-ratio: 290\/290;\" \/><\/div>\n\t\t<\/a>\n\t\t\t\t<div class=\"elementor-post__text\">\n\t\t\t\t<h3 class=\"elementor-post__title\">\n\t\t\t<a href=\"https:\/\/eiffel-corporation.com\/ru\/team\/board-of-directors\/daniel-truchi\/\" >\n\t\t\t\tDaniel Truchi\t\t\t<\/a>\n\t\t<\/h3>\n\t\t\t\t<div class=\"elementor-post__excerpt\">\n\t\t\t<h3>Vice President &#038; CEO<br \/><sub>Former Soci\u00e9t\u00e9 G\u00e9n\u00e9rale Private Wealth Management &#8211; Global CEO<\/sub><\/h3>\n<p>Former Global CEO of Soci\u00e9t\u00e9 G\u00e9n\u00e9rale Private Banking division, he offers a global approach from structuring private wealth up to managing financial and non financial assets for families and act also advising the Eiffel family in developing their trademarks brands worldwide.<\/p>\n<p>&nbsp;<br \/>\n<a class=\"elementor-icon elementor-social-icon elementor-social-icon-linkedin elementor-repeater-item-c605892\" href=\"https:\/\/www.linkedin.com\/in\/daniel-truchi-83403974\/\" target=\"_blank\" rel=\"noopener noreferrer\"><i class=\"fab fa-linkedin\"><\/i><\/a><\/p>\n\t\t<\/div>\n\t\t\t\t\t<div class=\"elementor-post__read-more-wrapper\">\n\t\t\n\t\t<a class=\"elementor-post__read-more\" href=\"https:\/\/eiffel-corporation.com\/ru\/team\/board-of-directors\/daniel-truchi\/\" aria-label=\"Read more about Daniel Truchi\" tabindex=\"-1\" >\n\t\t\tKnow More \u00bb\t\t<\/a>\n\n\t\t\t\t\t<\/div>\n\t\t\t\t<\/div>\n\t\t\t\t<\/article>\n\t\t\t\t<article class=\"elementor-post elementor-grid-item post-2791 post type-post status-publish format-standard has-post-thumbnail hentry category-board-of-directors category-management category-team\">\n\t\t\t\t<a class=\"elementor-post__thumbnail__link\" href=\"https:\/\/eiffel-corporation.com\/ru\/team\/board-of-directors\/marc-deschenaux\/\" tabindex=\"-1\" >\n\t\t\t<div class=\"elementor-post__thumbnail\"><img decoding=\"async\" width=\"290\" height=\"290\" data-src=\"https:\/\/eiffel-corporation.com\/wp-content\/uploads\/Marc-CLO.png\" class=\"attachment-large size-large wp-image-3209 lazyload\" alt=\"Daniel Truchi\" data-srcset=\"https:\/\/eiffel-corporation.com\/wp-content\/uploads\/Marc-CLO.png 290w, https:\/\/eiffel-corporation.com\/wp-content\/uploads\/Marc-CLO-150x150.png 150w, https:\/\/eiffel-corporation.com\/wp-content\/uploads\/Marc-CLO-12x12.png 12w\" data-sizes=\"(max-width: 290px) 100vw, 290px\" src=\"data:image\/gif;base64,R0lGODlhAQABAAAAACH5BAEKAAEALAAAAAABAAEAAAICTAEAOw==\" style=\"--smush-placeholder-width: 290px; --smush-placeholder-aspect-ratio: 290\/290;\" \/><\/div>\n\t\t<\/a>\n\t\t\t\t<div class=\"elementor-post__text\">\n\t\t\t\t<h3 class=\"elementor-post__title\">\n\t\t\t<a href=\"https:\/\/eiffel-corporation.com\/ru\/team\/board-of-directors\/marc-deschenaux\/\" >\n\t\t\t\tMarc Deschenaux\t\t\t<\/a>\n\t\t<\/h3>\n\t\t\t\t<div class=\"elementor-post__excerpt\">\n\t\t\t<h3>Chief Legal Officer<\/h3>\n<p> Marc Deschenaux is a world expert in Corporate Finance from private offerings to Initial Public Offerings (IPO&#8217;s). He raised private and public, equity and debt, for companies internationally. He also financed various types of operations, from import\/export transactions to Real Estate Investment Trusts and organized governments loans.<\/p>\n<p>&nbsp;<br \/>\n<a class=\"elementor-icon elementor-social-icon elementor-social-icon-linkedin elementor-repeater-item-c605892\" href=\"https:\/\/www.linkedin.com\/in\/marcdeschenaux\/\" target=\"_blank\" rel=\"noopener noreferrer\"><i class=\"fab fa-linkedin\"><\/i><\/a><\/p>\n\t\t<\/div>\n\t\t\t\t\t<div class=\"elementor-post__read-more-wrapper\">\n\t\t\n\t\t<a class=\"elementor-post__read-more\" href=\"https:\/\/eiffel-corporation.com\/ru\/team\/board-of-directors\/marc-deschenaux\/\" aria-label=\"Read more about Marc Deschenaux\" tabindex=\"-1\" >\n\t\t\tKnow More \u00bb\t\t<\/a>\n\n\t\t\t\t\t<\/div>\n\t\t\t\t<\/div>\n\t\t\t\t<\/article>\n\t\t\t\t<article class=\"elementor-post elementor-grid-item post-3366 post type-post status-publish format-standard has-post-thumbnail hentry category-board-of-directors category-management category-team\">\n\t\t\t\t<a class=\"elementor-post__thumbnail__link\" href=\"https:\/\/eiffel-corporation.com\/ru\/team\/board-of-directors\/christian-frampton\/\" tabindex=\"-1\" >\n\t\t\t<div class=\"elementor-post__thumbnail\"><img decoding=\"async\" width=\"1011\" height=\"1024\" data-src=\"https:\/\/eiffel-corporation.com\/wp-content\/uploads\/Screenshot-2021-06-25-at-10.12.15-1011x1024.jpeg\" class=\"attachment-large size-large wp-image-3630 lazyload\" alt=\"\" data-srcset=\"https:\/\/eiffel-corporation.com\/wp-content\/uploads\/Screenshot-2021-06-25-at-10.12.15-1011x1024.jpeg 1011w, https:\/\/eiffel-corporation.com\/wp-content\/uploads\/Screenshot-2021-06-25-at-10.12.15-296x300.jpeg 296w, https:\/\/eiffel-corporation.com\/wp-content\/uploads\/Screenshot-2021-06-25-at-10.12.15-768x778.jpeg 768w, https:\/\/eiffel-corporation.com\/wp-content\/uploads\/Screenshot-2021-06-25-at-10.12.15-12x12.jpeg 12w, https:\/\/eiffel-corporation.com\/wp-content\/uploads\/Screenshot-2021-06-25-at-10.12.15.jpeg 790w\" data-sizes=\"(max-width: 1011px) 100vw, 1011px\" src=\"data:image\/gif;base64,R0lGODlhAQABAAAAACH5BAEKAAEALAAAAAABAAEAAAICTAEAOw==\" style=\"--smush-placeholder-width: 1011px; --smush-placeholder-aspect-ratio: 1011\/1024;\" \/><\/div>\n\t\t<\/a>\n\t\t\t\t<div class=\"elementor-post__text\">\n\t\t\t\t<h3 class=\"elementor-post__title\">\n\t\t\t<a href=\"https:\/\/eiffel-corporation.com\/ru\/team\/board-of-directors\/christian-frampton\/\" >\n\t\t\t\tChristian Frampton\t\t\t<\/a>\n\t\t<\/h3>\n\t\t\t\t<div class=\"elementor-post__excerpt\">\n\t\t\t<p><h3>Vice-President Partnerships<\/h3>\n<p>Experienced Managing Partner with a demonstrated history of working in the investment management industry. Skilled in Asset Management, Management, Mergers &#038; Acquisitions, Venture Capital, Private Equity, and Marketing.\n<\/p>\n<p>&nbsp;<br \/>\n<a class=\"elementor-icon elementor-social-icon elementor-social-icon-linkedin elementor-repeater-item-c605892\" href=\"https:\/\/www.linkedin.com\/in\/christian-frampton-5b1636121\" target=\"_blank\" rel=\"noopener noreferrer\"><i class=\"fab fa-linkedin\"><\/i><\/a><\/p>\n\t\t<\/div>\n\t\t\t\t\t<div class=\"elementor-post__read-more-wrapper\">\n\t\t\n\t\t<a class=\"elementor-post__read-more\" href=\"https:\/\/eiffel-corporation.com\/ru\/team\/board-of-directors\/christian-frampton\/\" aria-label=\"Read more about Christian Frampton\" tabindex=\"-1\" >\n\t\t\tKnow More \u00bb\t\t<\/a>\n\n\t\t\t\t\t<\/div>\n\t\t\t\t<\/div>\n\t\t\t\t<\/article>\n\t\t\t\t<\/div>\n\t\t\n\t\t\t\t\t\t<\/div>\n\t\t\t\t<\/div>\n\t\t\t\t\t<\/div>\n\t\t<\/div>\n\t\t\t\t\t<\/div>\n\t\t<\/section>\n\t\t\t\t<\/div>","protected":false},"excerpt":{"rendered":"<p>Ei\ufb00el International Corporation is lead by passionate and innovative professionals with a considerable experience in engineering and urban planning. Besides the background in architecture and design, Ei\ufb00el team has vast experience in \ufb01nance and investment management industry. Together they are intended to build a future with distinguished cultural heritage that the Ei\ufb00el name embodies.<\/p>","protected":false},"author":1,"featured_media":0,"parent":0,"menu_order":24,"comment_status":"closed","ping_status":"closed","template":"","meta":{"footnotes":""},"class_list":["post-83","page","type-page","status-publish","hentry"],"_links":{"self":[{"href":"https:\/\/eiffel-corporation.com\/ru\/wp-json\/wp\/v2\/pages\/83","targetHints":{"allow":["GET"]}}],"collection":[{"href":"https:\/\/eiffel-corporation.com\/ru\/wp-json\/wp\/v2\/pages"}],"about":[{"href":"https:\/\/eiffel-corporation.com\/ru\/wp-json\/wp\/v2\/types\/page"}],"author":[{"embeddable":true,"href":"https:\/\/eiffel-corporation.com\/ru\/wp-json\/wp\/v2\/users\/1"}],"replies":[{"embeddable":true,"href":"https:\/\/eiffel-corporation.com\/ru\/wp-json\/wp\/v2\/comments?post=83"}],"version-history":[{"count":0,"href":"https:\/\/eiffel-corporation.com\/ru\/wp-json\/wp\/v2\/pages\/83\/revisions"}],"wp:attachment":[{"href":"https:\/\/eiffel-corporation.com\/ru\/wp-json\/wp\/v2\/media?parent=83"}],"curies":[{"name":"wp","href":"https:\/\/api.w.org\/{rel}","templated":true}]}}